{"id":147,"date":"2010-04-14T13:16:29","date_gmt":"2010-04-14T12:16:29","guid":{"rendered":"http:\/\/www.hans-peter-briegel.de\/blog\/?page_id=147"},"modified":"2025-02-09T12:05:37","modified_gmt":"2025-02-09T11:05:37","slug":"termine","status":"publish","type":"page","link":"http:\/\/www.hans-peter-briegel.de\/blog\/?page_id=147","title":{"rendered":"Termine"},"content":{"rendered":"<h3>Spielplan Lotto Elf<\/h3>\n<p><strong>Donnerstag, 08. Mai 2025, 19 Uhr<br \/><\/strong>TSV Gau-Odernheim<br \/>Spielort: Gau-Odernheim<\/p>\n<p><strong>Donnerstag, 15. Mai 2025, 19 Uhr<\/strong><br \/>BSC G\u00fcls<br \/>Spielort: Koblenz-G\u00fcls<\/p>\n<p><strong>Mittwoch, 21. Mai 2025, 19 Uhr<\/strong><br \/>SV Sabershausen-Vorderhunsr\u00fcck e.V.<br \/>Spielort: Sabershausen<\/p>\n<p><strong>Dienstag, 27. Mai 2025, 19 Uhr<\/strong><br \/>FSV Trier-Tarforst<br \/>Spielort: Trier-Tarforst<\/p>\n<p><strong>Mittwoch, 11. Juni 2025, 19 Uhr<\/strong><br \/>SV Eintracht Mendig<br \/>Spielort: Mendig<\/p>\n<p><strong>Mittwoch, 08. Juni 2025, 19 Uhr<\/strong><br \/>ASV Fu\u00dfg\u00f6nheim<br \/>Spielort: Fu\u00dfg\u00f6nheim<\/p>\n<p><strong>Mittwoch, 25. Juni 2025, 19 Uhr<\/strong><br \/>SV 1920 Horchheim e.V.<br \/>Spielort: Worms-Horchheim\u00a0<\/p>\n<p><strong>Donnerstag, 03. Juli 2025, 19 Uhr<\/strong><br \/>TSV Bockenau<br \/>Spielort: Bockenau<\/p>\n<p><strong>Freitag, 11. Juli 2025, 19 Uhr<\/strong><br \/>Mehlentaler SV<br \/>Spielort: Gondenbrett<\/p>\n<p><strong>Freitag, 14. August 2025, 19 Uhr<\/strong><br \/>FV Villa Wehr e.V.<br \/>Spielort: Wehr<\/p>\n<p><strong>Mittwoch, 28. August 2025, 19 Uhr<\/strong><br \/>TSV Carlsberg<br \/>Spielort: Carlsberg<\/p>\n<p><strong>Mittwoch, 03. September 2025, 19 Uhr<\/strong><br \/>TSV Langenlonsheim<br \/>Spielort: Langenlonsheim<\/p>\n<p><strong>Donnerstag, 18. September 2025, 19 Uhr<\/strong><br \/>VfR Salisso Bad Salzig e.V.<br \/>Spielort: Bad Salzig<\/p>\n<p>\u00a0<\/p>\n\n\n<p><\/p>\n","protected":false},"excerpt":{"rendered":"<p>Spielplan Lotto Elf Donnerstag, 08. Mai 2025, 19 UhrTSV Gau-OdernheimSpielort: Gau-Odernheim Donnerstag, 15. Mai 2025, 19 UhrBSC G\u00fclsSpielort: Koblenz-G\u00fcls Mittwoch, 21. Mai 2025, 19 UhrSV Sabershausen-Vorderhunsr\u00fcck e.V.Spielort: Sabershausen Dienstag, 27. Mai 2025, 19 UhrFSV Trier-TarforstSpielort: Trier-Tarforst Mittwoch, 11. Juni 2025, 19 UhrSV Eintracht MendigSpielort: Mendig Mittwoch, 08. Juni 2025, 19 UhrASV Fu\u00dfg\u00f6nheimSpielort: Fu\u00dfg\u00f6nheim Mittwoch, 25. [&hellip;]<\/p>\n","protected":false},"author":1,"featured_media":0,"parent":0,"menu_order":7,"comment_status":"closed","ping_status":"open","template":"","meta":{"footnotes":""},"_links":{"self":[{"href":"http:\/\/www.hans-peter-briegel.de\/blog\/index.php?rest_route=\/wp\/v2\/pages\/147"}],"collection":[{"href":"http:\/\/www.hans-peter-briegel.de\/blog\/index.php?rest_route=\/wp\/v2\/pages"}],"about":[{"href":"http:\/\/www.hans-peter-briegel.de\/blog\/index.php?rest_route=\/wp\/v2\/types\/page"}],"author":[{"embeddable":true,"href":"http:\/\/www.hans-peter-briegel.de\/blog\/index.php?rest_route=\/wp\/v2\/users\/1"}],"replies":[{"embeddable":true,"href":"http:\/\/www.hans-peter-briegel.de\/blog\/index.php?rest_route=%2Fwp%2Fv2%2Fcomments&post=147"}],"version-history":[{"count":56,"href":"http:\/\/www.hans-peter-briegel.de\/blog\/index.php?rest_route=\/wp\/v2\/pages\/147\/revisions"}],"predecessor-version":[{"id":1174,"href":"http:\/\/www.hans-peter-briegel.de\/blog\/index.php?rest_route=\/wp\/v2\/pages\/147\/revisions\/1174"}],"wp:attachment":[{"href":"http:\/\/www.hans-peter-briegel.de\/blog\/index.php?rest_route=%2Fwp%2Fv2%2Fmedia&parent=147"}],"curies":[{"name":"wp","href":"https:\/\/api.w.org\/{rel}","templated":true}]}}