{"id":16,"date":"2010-03-21T19:34:29","date_gmt":"2010-03-21T18:34:29","guid":{"rendered":"http:\/\/www.hans-peter-briegel.de\/blog\/?page_id=16"},"modified":"2021-08-02T18:39:57","modified_gmt":"2021-08-02T17:39:57","slug":"impressum","status":"publish","type":"page","link":"http:\/\/www.hans-peter-briegel.de\/blog\/?page_id=16","title":{"rendered":"Impressum"},"content":{"rendered":"<p><strong>Kontakt<\/strong><\/p>\n<p>\u00a0<\/p>\n<p>Hans-Peter Briegel<br \/>\nPostfach 14 32<br \/>\n76714 Germersheim<\/p>\n<p>\u00a0<\/p>\n<p><strong>Email<\/strong><\/p>\n<p>info[at]hans-peter-briegel[dot]com<\/p>\n<p>\u00a0<\/p>\n<p><span style=\"color: #ff0000;\"><strong>Wichtig: Bitte sendet eure Autogrammw\u00fcnsche per Post an die o.g. Adresse und legt einen frankierten R\u00fcckumschlag bei. Vielen Dank!<\/strong><\/span><\/p>\n<p><span style=\"color: #ff0000;\"><strong>Important: Please send your autograph requests to the above mentioned postal address, including a self-stamped, self-addressed return envelope or an <a href=\"http:\/\/en.wikipedia.org\/wiki\/International_reply_coupon\" title=\"IRC\" target=\"_blank\" rel=\"noopener\">International reply coupon<\/a> if you reside outside the Eurozone. Thank you!<\/strong><\/span><\/p>\n<p>\u00a0<\/p>\n<p><strong>Technischer Kontakt \/ Webmaster <\/strong><\/p>\n<p>\u00a0<\/p>\n<p>admin[at]hans-peter-briegel[dot]com<\/p>\n<p>\u00a0<\/p>\n<p><strong>Haftungsausschlu\u00df<\/strong><\/p>\n<p>\u00a0<\/p>\n<p>Trotz sorgf\u00e4ltiger inhaltlicher Kontrolle \u00fcbernehme ich keine Haftung f\u00fcr die Inhalte externer Links.<br \/>\nF\u00fcr den Inhalt der verlinkten Seiten sind ausschlie\u00dflich deren Betreiber verantwortlich.<\/p>\n","protected":false},"excerpt":{"rendered":"<p>Kontakt \u00a0 Hans-Peter Briegel Postfach 14 32 76714 Germersheim \u00a0 Email info[at]hans-peter-briegel[dot]com \u00a0 Wichtig: Bitte sendet eure Autogrammw\u00fcnsche per Post an die o.g. Adresse und legt einen frankierten R\u00fcckumschlag bei. Vielen Dank! Important: Please send your autograph requests to the above mentioned postal address, including a self-stamped, self-addressed return envelope or an International reply coupon [&hellip;]<\/p>\n","protected":false},"author":1,"featured_media":0,"parent":0,"menu_order":10,"comment_status":"closed","ping_status":"open","template":"","meta":{"footnotes":""},"_links":{"self":[{"href":"http:\/\/www.hans-peter-briegel.de\/blog\/index.php?rest_route=\/wp\/v2\/pages\/16"}],"collection":[{"href":"http:\/\/www.hans-peter-briegel.de\/blog\/index.php?rest_route=\/wp\/v2\/pages"}],"about":[{"href":"http:\/\/www.hans-peter-briegel.de\/blog\/index.php?rest_route=\/wp\/v2\/types\/page"}],"author":[{"embeddable":true,"href":"http:\/\/www.hans-peter-briegel.de\/blog\/index.php?rest_route=\/wp\/v2\/users\/1"}],"replies":[{"embeddable":true,"href":"http:\/\/www.hans-peter-briegel.de\/blog\/index.php?rest_route=%2Fwp%2Fv2%2Fcomments&post=16"}],"version-history":[{"count":17,"href":"http:\/\/www.hans-peter-briegel.de\/blog\/index.php?rest_route=\/wp\/v2\/pages\/16\/revisions"}],"predecessor-version":[{"id":1130,"href":"http:\/\/www.hans-peter-briegel.de\/blog\/index.php?rest_route=\/wp\/v2\/pages\/16\/revisions\/1130"}],"wp:attachment":[{"href":"http:\/\/www.hans-peter-briegel.de\/blog\/index.php?rest_route=%2Fwp%2Fv2%2Fmedia&parent=16"}],"curies":[{"name":"wp","href":"https:\/\/api.w.org\/{rel}","templated":true}]}}